{"id":1673,"date":"2021-01-30T00:34:46","date_gmt":"2021-01-30T00:34:46","guid":{"rendered":"https:\/\/lhpcorp.com\/?page_id=1673"},"modified":"2021-06-02T08:38:38","modified_gmt":"2021-06-02T08:38:38","slug":"e-learning","status":"publish","type":"page","link":"https:\/\/lhpcorp.com\/index.php\/e-learning\/","title":{"rendered":"E-Learning"},"content":{"rendered":"<p>[vc_row full_width=&#8221;stretch_row&#8221; css=&#8221;.vc_custom_1547490638065{margin-bottom: 0px !important;background-image: url(https:\/\/lhpcorp.com\/wp-content\/uploads\/2019\/01\/sparta_agency_rocks_background.jpg?id=195) !important;}&#8221;][vc_column]<div id=\"fullwidth-block-6a046c48aec72\" class=\"fullwidth-block clearfix\"  style=\"padding-top: 25px;padding-bottom: 80px;\"><script type=\"text\/javascript\">if (typeof(gem_fix_fullwidth_position) == \"function\") { gem_fix_fullwidth_position(document.getElementById(\"fullwidth-block-6a046c48aec72\")); }<\/script><div class=\"fullwidth-block-inner\"><div class=\"container\"><div class=\"clearboth\"><\/div><div class=\"gem-divider divider-hidden\" style=\"margin-top: 40px;\"><\/div>[vc_column_text el_class=&#8221;dline-1&#8243;]<\/p>\n<div class=\"title-h1\" style=\"text-align: center;\"><span style=\"color: #ffffff;\">LHP E-LEARNING<\/span><\/div>\n<p>[\/vc_column_text]<div class=\"clearboth\"><\/div><div class=\"gem-divider \" style=\"margin-top: 20px;\"><\/div>[vc_separator color=&#8221;custom&#8221; el_width=&#8221;10&#8243; accent_color=&#8221;#a1a1a1&#8243;]<div class=\"clearboth\"><\/div><div class=\"gem-divider \" style=\"margin-top: 35px;\"><\/div>[vc_column_text css=&#8221;.vc_custom_1622622730283{padding-bottom: 20px !important;}&#8221;]<\/p>\n<div class=\"title-h6\" style=\"text-align: center;\"><span style=\"color: #ffffff; font-size: 16px;\">Nhu c\u1ea7u h\u1ecdc t\u1eadp trong th\u1eddi \u0111\u1ea1i s\u1ed1 ng\u00e0y c\u00e0ng t\u0103ng do nh\u1eefng k\u0129 n\u0103ng, ki\u1ebfn th\u1ee9c m\u1edbi c\u1ee7a th\u1eddi \u0111\u1ea1i 4.0 ng\u00e0y c\u00e0ng \u0111a d\u1ea1ng v\u00e0 chuy\u00ean s\u00e2u. M\u1eb7c d\u00f9 vi\u1ec7c d\u1ea1y v\u00e0 h\u1ecdc truy\u1ec1n th\u1ed1ng c\u00f3 nh\u1eefng \u01b0u \u0111i\u1ec3m ri\u00eang, tuy nhi\u00ean, v\u1edbi mong mu\u1ed1n \u0111\u01b0a \u0111\u1ebfn m\u1ed9t ph\u01b0\u01a1ng ph\u00e1p h\u1ed7 tr\u1ee3 h\u1ecdc t\u1eadp ti\u1ec7n l\u1ee3i v\u00e0 ch\u1ee7 \u0111\u1ed9ng, LHP Corp t\u1ef1 h\u00e0o mang \u0111\u1ebfn s\u1ea3n ph\u1ea9m LHP \u2013 E learning. Ng\u01b0\u1eddi h\u1ecdc s\u1ebd \u0111\u01b0\u1ee3c ti\u1ebfp c\u1eadn v\u1edbi ngu\u1ed3n tri th\u1ee9c m\u1edbi theo m\u00f4 h\u00ecnh hi\u1ec7n \u0111\u1ea1i, c\u1eadp nh\u1eadt li\u00ean t\u1ee5c v\u00e0 \u0111\u01b0\u1ee3c minh h\u1ecda s\u1ed1ng \u0111\u1ed9ng, n\u00e2ng cao hi\u1ec7u qu\u1ea3 h\u1ecdc t\u1eadp.<\/span><\/div>\n<p>[\/vc_column_text]<div class=\"clearboth\"><\/div><div class=\"gem-divider divider-hidden\" style=\"margin-top: 95px;\"><\/div>[vc_row_inner][vc_column_inner el_class=&#8221;service-item&#8221; width=&#8221;1\/3&#8243;][vc_single_image image=&#8221;1811&#8243; img_size=&#8221;full&#8221;][vc_column_text el_class=&#8221;title-service&#8221;]<span style=\"color: #ffffff;\"><strong>LMS<\/strong><\/span>[\/vc_column_text][vc_column_text el_class=&#8221;subtitle-service&#8221;]<span style=\"color: #ffffff;\">Cung c\u1ea5p n\u1ec1n t\u1ea3ng h\u1ecdc t\u1eadp tr\u1ef1c tuy\u1ebfn cho c\u00e1 nh\u00e2n, c\u01a1 s\u1edf gi\u00e1o d\u1ee5c v\u00e0 doanh nghi\u1ec7p<\/span>[\/vc_column_text][vc_separator][vc_btn title=&#8221;Chi ti\u1ebft&#8221; style=&#8221;classic&#8221; color=&#8221;warning&#8221; align=&#8221;center&#8221; link=&#8221;url:https%3A%2F%2Flhpcorp.com%2Findex.php%2Fbao-gia%2F|title:B%C3%A1o%20gi%C3%A1|target:_blank&#8221;][vc_separator][\/vc_column_inner][vc_column_inner el_class=&#8221;service-item&#8221; width=&#8221;1\/3&#8243;][vc_single_image image=&#8221;1812&#8243; img_size=&#8221;full&#8221;][vc_column_text el_class=&#8221;title-service&#8221;]<span style=\"color: #ffffff;\"><strong>Thi\u1ebft k\u1ebf kh\u00f3a h\u1ecdc<\/strong><\/span>[\/vc_column_text][vc_column_text el_class=&#8221;subtitle-service&#8221;]<span style=\"color: #ffffff;\">X\u00e2y d\u1ef1ng \u00fd t\u01b0\u1edfng v\u00e0 n\u1ed9i dung kh\u00f3a h\u1ecdc theo y\u00eau c\u1ea7u c\u1ee7a kh\u00e1ch h\u00e0ng<\/span>[\/vc_column_text][vc_separator][vc_btn title=&#8221;Chi ti\u1ebft&#8221; style=&#8221;classic&#8221; color=&#8221;warning&#8221; align=&#8221;center&#8221; link=&#8221;url:https%3A%2F%2Flhpcorp.com%2Findex.php%2Fbao-gia%2F|title:B%C3%A1o%20gi%C3%A1|target:_blank&#8221;][vc_separator][\/vc_column_inner][vc_column_inner el_class=&#8221;service-item&#8221; width=&#8221;1\/3&#8243;][vc_single_image image=&#8221;1822&#8243; img_size=&#8221;full&#8221;][vc_column_text el_class=&#8221;title-service&#8221;]<span style=\"color: #ffffff;\"><strong>Quay d\u1ef1ng kh\u00f3a h\u1ecdc<\/strong><\/span>[\/vc_column_text][vc_column_text el_class=&#8221;subtitle-service&#8221;]<span style=\"color: #ffffff;\">Thi\u1ebft k\u1ebf slide b\u00e0i gi\u1ea3ng, tr\u1ef1c ti\u1ebfp quay d\u1ef1ng kh\u00f3a h\u1ecdc v\u00e0 h\u1eadu k\u1ef3 s\u1ea3n ph\u1ea9m<\/span>[\/vc_column_text][vc_separator][vc_btn title=&#8221;Chi ti\u1ebft&#8221; style=&#8221;classic&#8221; color=&#8221;warning&#8221; align=&#8221;center&#8221; link=&#8221;url:https%3A%2F%2Flhpcorp.com%2Findex.php%2Fbao-gia%2F|title:B%C3%A1o%20gi%C3%A1|target:_blank&#8221;][vc_separator][\/vc_column_inner][\/vc_row_inner]<div class=\"gem-button-container gem-button-position-center lazy-loading\"><a title=\"D\u1ef1 \u00e1n\" class=\"gem-button gem-button-size-large gem-button-style-outline gem-button-text-weight-normal gem-button-border-3 lazy-loading-item\"data-ll-effect=\"drop-right-without-wrap\" style=\"border-radius: 40px;\" onmouseleave=\"\" onmouseenter=\"\" href=\"https:\/\/lhpcorp.com\/index.php\/du-an\/\" target=\"_self\">D\u1ef0 \u00c1N \u0110\u00c3 TH\u1ef0C HI\u1ec6N<\/a><\/div> <\/div><\/div><\/div>[\/vc_column][\/vc_row]<\/p>\n","protected":false},"excerpt":{"rendered":"<p>[vc_row full_width=&#8221;stretch_row&#8221; css=&#8221;.vc_custom_1547490638065{margin-bottom: 0px !important;background-image: url(https:\/\/lhpcorp.com\/wp-content\/uploads\/2019\/01\/sparta_agency_rocks_background.jpg?id=195) !important;}&#8221;][vc_column][\/vc_column][\/vc_row]<\/p>\n","protected":false},"author":1,"featured_media":0,"parent":0,"menu_order":0,"comment_status":"closed","ping_status":"closed","template":"","meta":{"_monsterinsights_skip_tracking":false,"_monsterinsights_sitenote_active":false,"_monsterinsights_sitenote_note":"","_monsterinsights_sitenote_category":0,"footnotes":""},"class_list":["post-1673","page","type-page","status-publish"],"_links":{"self":[{"href":"https:\/\/lhpcorp.com\/index.php\/wp-json\/wp\/v2\/pages\/1673","targetHints":{"allow":["GET"]}}],"collection":[{"href":"https:\/\/lhpcorp.com\/index.php\/wp-json\/wp\/v2\/pages"}],"about":[{"href":"https:\/\/lhpcorp.com\/index.php\/wp-json\/wp\/v2\/types\/page"}],"author":[{"embeddable":true,"href":"https:\/\/lhpcorp.com\/index.php\/wp-json\/wp\/v2\/users\/1"}],"replies":[{"embeddable":true,"href":"https:\/\/lhpcorp.com\/index.php\/wp-json\/wp\/v2\/comments?post=1673"}],"version-history":[{"count":16,"href":"https:\/\/lhpcorp.com\/index.php\/wp-json\/wp\/v2\/pages\/1673\/revisions"}],"predecessor-version":[{"id":2377,"href":"https:\/\/lhpcorp.com\/index.php\/wp-json\/wp\/v2\/pages\/1673\/revisions\/2377"}],"wp:attachment":[{"href":"https:\/\/lhpcorp.com\/index.php\/wp-json\/wp\/v2\/media?parent=1673"}],"curies":[{"name":"wp","href":"https:\/\/api.w.org\/{rel}","templated":true}]}}