{"id":3899,"date":"2025-07-01T10:08:45","date_gmt":"2025-07-01T10:08:45","guid":{"rendered":"https:\/\/lhpcorp.com\/?page_id=3899"},"modified":"2025-08-13T09:20:41","modified_gmt":"2025-08-13T09:20:41","slug":"tour-360","status":"publish","type":"page","link":"https:\/\/lhpcorp.com\/index.php\/tour-360\/","title":{"rendered":"Tour 360\u00b0"},"content":{"rendered":"<p>[vc_row css_animation=&#8221;fadeInLeft&#8221; disable_custom_paddings_mobile=&#8221;true&#8221; css=&#8221;.vc_custom_1752045487582{margin-top: 0px !important;margin-right: -368px !important;margin-bottom: 0px !important;margin-left: -368px !important;padding-top: 0px !important;padding-bottom: 0px !important;background-color: #131225 !important;}&#8221;][vc_column offset=&#8221;vc_col-lg-offset-0 vc_col-xs-offset-4 vc_col-xs-4&#8243;][vc_column_text]<\/p>\n<div class=\"section-heading\">\n<h2><span style=\"color: #ffffff;\"><strong>Gi\u1ea3i ph\u00e1p Tour 360 &amp; Kh\u00f4ng gian s\u1ed1<\/strong><\/span><\/h2>\n<p>H\u00e0nh tr\u00ecnh \u1ea3o, c\u1ea3m x\u00fac th\u1eadt<\/p>\n<div class=\"separator\"><\/div>\n<\/div>\n<p>[\/vc_column_text][vc_row_inner][vc_column_inner width=&#8221;1\/4&#8243; offset=&#8221;vc_col-lg-offset-1&#8243;][vc_single_image image=&#8221;3900&#8243; img_size=&#8221;900&#215;1200&#8243; el_class=&#8221;intro-image&#8221;][\/vc_column_inner][vc_column_inner width=&#8221;3\/4&#8243; offset=&#8221;vc_col-lg-offset-0 vc_col-lg-7&#8243;][vc_column_text]<\/p>\n<div class=\"intro-text\">\n<h2><span style=\"color: #ffffff;\">Gi\u1edbi thi\u1ec7u<\/span><\/h2>\n<p><span style=\"font-weight: 400;\">LHP Corp cung c\u1ea5p gi\u1ea3i ph\u00e1p thi\u1ebft k\u1ebf v\u00e0 tri\u1ec3n khai <\/span><b>Tour th\u1ef1c t\u1ebf \u1ea3o 360 \u0111\u1ed9 (VR Tour)<\/b><span style=\"font-weight: 400;\"> gi\u00fap s\u1ed1 h\u00f3a kh\u00f4ng gian th\u1eadt th\u00e0nh h\u00e0nh tr\u00ecnh t\u01b0\u01a1ng t\u00e1c \u1ea3o s\u1ed1ng \u0111\u1ed9ng.<\/span><\/p>\n<p><span style=\"font-weight: 400;\">Ch\u00fang t\u00f4i l\u00e0 \u0111\u01a1n v\u1ecb tr\u1ef1c ti\u1ebfp th\u1ef1c hi\u1ec7n to\u00e0n b\u1ed9 quy tr\u00ecnh t\u1eeb t\u01b0 v\u1ea5n \u00fd t\u01b0\u1edfng, quay d\u1ef1ng, l\u1eadp tr\u00ecnh \u0111\u1ebfn xu\u1ea5t b\u1ea3n, mang \u0111\u1ebfn s\u1ea3n ph\u1ea9m tour \u1ea3o chuy\u00ean nghi\u1ec7p, gi\u00fap kh\u00e1ch h\u00e0ng gi\u1edbi thi\u1ec7u kh\u00f4ng gian, s\u1ea3n ph\u1ea9m, d\u1ecbch v\u1ee5 m\u1ed9t c\u00e1ch tr\u1ef1c quan, hi\u1ec7u qu\u1ea3 v\u00e0 ti\u1ebft ki\u1ec7m chi ph\u00ed.. <\/span><\/div>\n<p>[\/vc_column_text][vc_raw_html css=&#8221;.vc_custom_1752143767728{padding-left: 7px !important;}&#8221;]JTNDYSUyMGNsYXNzJTNEJTIybXktYnRuJTIyJTIwaHJlZiUzRCUyMiUyM2Zvb3RlciUyMiUzRU5IJUUxJUJBJUFDTiUyMFQlQzYlQUYlMjBWJUUxJUJBJUE0TiUzQyUyRmElM0UlMEElM0NhJTIwY2xhc3MlM0QlMjJteS1idG4lMjIlMjBocmVmJTNEJTIyJTIzZm9vdGVyJTIyJTNFTEklQzMlOEFOJTIwSCVFMSVCQiU4NiUyME5HQVklM0MlMkZhJTNFJTBB[\/vc_raw_html][\/vc_column_inner][\/vc_row_inner][\/vc_column][\/vc_row][vc_row css=&#8221;.vc_custom_1752115650624{background-color: #ffffff !important;}&#8221;][vc_column offset=&#8221;vc_col-lg-offset-0 vc_col-xs-offset-1 vc_col-xs-10&#8243;][vc_column_text css_animation=&#8221;fadeInUp&#8221;]<\/p>\n<div class=\"vr-tour-title\"><span style=\"color: #000000;\"><strong>VR Tour \u2013 Xu h\u01b0\u1edbng m\u1edbi trong t\u01b0\u01a1ng lai<\/strong><\/span><\/div>\n<div class=\"vr-tour-desc\"><span style=\"color: #000000;\">D\u1ecbch v\u1ee5 c\u1ee7a ch\u00fang t\u00f4i ph\u00f9 h\u1ee3p v\u1edbi c\u00e1c doanh nghi\u1ec7p, t\u1ed5 ch\u1ee9c gi\u00e1o d\u1ee5c, c\u01a1 s\u1edf s\u1ea3n xu\u1ea5t v\u00e0 \u0111\u01a1n v\u1ecb v\u0103n h\u00f3a \u2013 du l\u1ecbch nh\u1edd c\u00e1c \u01b0u \u0111i\u1ec3m n\u1ed5i b\u1eadt<\/span><\/div>\n<p>[\/vc_column_text][vc_row_inner][vc_column_inner width=&#8221;1\/3&#8243; offset=&#8221;vc_col-lg-offset-0 vc_col-xs-offset-1 vc_col-xs-12&#8243; css=&#8221;.vc_custom_1752137847354{margin-left: -25px !important;}&#8221;][vc_column_text css_animation=&#8221;fadeInUp&#8221;]<\/p>\n<div class=\"feature-box\">\n<p><img decoding=\"async\" class=\"feature-icon\" src=\"https:\/\/lhpcorp.com\/wp-content\/uploads\/2025\/07\/REAL.png\" alt=\"icon\" \/><\/p>\n<div class=\"feature-text\">\n<div class=\"feature-title\"><span style=\"color: #000000;\">D\u1ec5 d\u00e0ng truy c\u1eadp, tr\u1ea3i nghi\u1ec7m m\u1ecdi l\u00fac \u2013 m\u1ecdi n\u01a1i<\/span><\/div>\n<p class=\"feature-desc\"><span style=\"color: #000000;\">Kh\u00e1ch h\u00e0ng c\u00f3 th\u1ec3 d\u1ec5 d\u00e0ng ti\u1ebfp c\u1eadn v\u00e0 tr\u1ea3i nghi\u1ec7m c\u00e1c d\u1ecbch v\u1ee5 c\u1ee7a b\u1ea1n t\u1eeb xa, ch\u1ec9 qua m\u1ed9t thi\u1ebft b\u1ecb k\u1ebft n\u1ed1i internet.<\/span><\/p>\n<\/div>\n<\/div>\n<p>[\/vc_column_text][\/vc_column_inner][vc_column_inner width=&#8221;1\/3&#8243; offset=&#8221;vc_col-lg-offset-0&#8243;][vc_column_text css_animation=&#8221;fadeInUp&#8221; css=&#8221;.vc_custom_1752465015088{margin-left: 0px !important;}&#8221;]<\/p>\n<div class=\"feature-box\">\n<p><img decoding=\"async\" class=\"feature-icon\" src=\"https:\/\/lhpcorp.com\/wp-content\/uploads\/2025\/07\/REAL2.png\" alt=\"icon\" \/><\/p>\n<div class=\"feature-text\">\n<div class=\"feature-title\"><span style=\"color: #000000;\">Truy\u1ec1n t\u1ea3i th\u00f4ng tin tr\u1ef1c quan, sinh \u0111\u1ed9ng<\/span><\/div>\n<p class=\"feature-desc\"><span style=\"color: #000000;\">Ng\u01b0\u1eddi d\u00f9ng \u0111\u01b0\u1ee3c tr\u1ef1c ti\u1ebfp quan s\u00e1t t\u1eebng khu v\u1ef1c, k\u00e8m theo h\u00ecnh \u1ea3nh, video v\u00e0 m\u00f4 t\u1ea3 chi ti\u1ebft thay v\u00ec ch\u1ec9 xem \u1ea3nh v\u00e0 video nh\u00e0m ch\u00e1n.<\/span><\/p>\n<\/div>\n<\/div>\n<p>[\/vc_column_text][\/vc_column_inner][vc_column_inner width=&#8221;1\/3&#8243;][vc_column_text css_animation=&#8221;fadeInUp&#8221;]<\/p>\n<div class=\"feature-box\">\n<p><img decoding=\"async\" class=\"feature-icon\" src=\"https:\/\/lhpcorp.com\/wp-content\/uploads\/2025\/07\/REAL3.png\" alt=\"icon\" \/><\/p>\n<div class=\"feature-text\">\n<div class=\"feature-title\"><span style=\"color: #000000;\">Ti\u1ebft ki\u1ec7m th\u1eddi gian v\u00e0 ngu\u1ed3n l\u1ef1c<\/span><\/div>\n<p class=\"feature-desc\"><span style=\"color: #000000;\">M\u1ed9t s\u1ea3n ph\u1ea9m tour c\u00f3 th\u1ec3 s\u1eed d\u1ee5ng cho nhi\u1ec1u m\u1ee5c \u0111\u00edch nh\u01b0 gi\u1edbi thi\u1ec7u, \u0111\u00e0o t\u1ea1o, truy\u1ec1n th\u00f4ng\u2026 gi\u00fap gi\u1ea3m thi\u1ec3u chi ph\u00ed v\u00e0 c\u00f4ng s\u1ee9c nh\u00e2n s\u1ef1.<\/span><\/p>\n<\/div>\n<\/div>\n<p>[\/vc_column_text][\/vc_column_inner][\/vc_row_inner][vc_row_inner][vc_column_inner width=&#8221;1\/3&#8243; disable_custom_paddings_mobile=&#8221;true&#8221; offset=&#8221;vc_col-lg-offset-0 vc_col-lg-12&#8243;][vc_column_text css_animation=&#8221;fadeInUp&#8221;]<\/p>\n<div class=\"feature-box\">\n<p><img decoding=\"async\" class=\"feature-icon\" src=\"https:\/\/lhpcorp.com\/wp-content\/uploads\/2025\/07\/REAL4.png\" alt=\"icon\" \/><\/p>\n<div class=\"feature-text\">\n<div class=\"feature-title\"><span style=\"color: #000000;\">T\u0103ng t\u00ednh chuy\u00ean nghi\u1ec7p v\u00e0 s\u1ef1 tin t\u01b0\u1edfng<\/span><\/div>\n<p class=\"feature-desc\"><span style=\"color: #000000;\">Kh\u00f4ng gian \u0111\u01b0\u1ee3c s\u1ed1 h\u00f3a b\u00e0i b\u1ea3n, giao di\u1ec7n th\u1ea9m m\u1ef9 d\u1ec5 s\u1eed d\u1ee5ng, n\u00e2ng cao h\u00ecnh \u1ea3nh th\u01b0\u01a1ng hi\u1ec7u trong m\u1eaft kh\u00e1ch h\u00e0ng, \u0111\u1ed1i t\u00e1c.<\/span><\/p>\n<\/div>\n<\/div>\n<p>[\/vc_column_text][\/vc_column_inner][\/vc_row_inner][vc_row_inner][vc_column_inner offset=&#8221;vc_col-lg-offset-0&#8243;][vc_column_text css_animation=&#8221;fadeInLeftBig&#8221;]<\/p>\n<div class=\"section-heading2\">\n<p><span style=\"color: #000000;\"><strong>T\u1ea1i sao n\u00ean ch\u1ecdn VR Tour c\u1ee7a LHP Media?<\/strong><\/span><\/p>\n<div class=\"underline\"><\/div>\n<\/div>\n<p>[\/vc_column_text][\/vc_column_inner][\/vc_row_inner][vc_row_inner][vc_column_inner offset=&#8221;vc_col-lg-offset-0 vc_col-xs-12&#8243;][vc_column_text css_animation=&#8221;bounceInUp&#8221;]<\/p>\n<div class=\"feature-grid\">\n<div class=\"feature-item\">\n<div class=\"feature-icon-wrap\">\ud83d\udc65<\/div>\n<p class=\"feature-text\">M\u1ee9c gi\u00e1 th\u00e2n thi\u1ec7n, linh ho\u1ea1t theo y\u00eau c\u1ea7u th\u1ef1c t\u1ebf<\/p>\n<\/div>\n<div class=\"feature-item\">\n<div class=\"feature-icon-wrap\">\ud83d\udcbb<\/div>\n<p class=\"feature-text\">C\u00f4ng ngh\u1ec7 m\u1edbi hi\u1ec7n \u0111\u1ea1i<\/p>\n<\/div>\n<div class=\"feature-item\">\n<div class=\"feature-icon-wrap\">\ud83d\udce6<\/div>\n<p class=\"feature-text\">Ch\u1ea5t l\u01b0\u1ee3ng s\u1ea3n ph\u1ea9m \u01b0u vi\u1ec7t<\/p>\n<\/div>\n<div class=\"feature-item\">\n<div class=\"feature-icon-wrap\">\ud83d\udcde<\/div>\n<p class=\"feature-text\">D\u1ecbch v\u1ee5 chuy\u00ean nghi\u1ec7p, \u0111\u1ed9i ng\u0169 t\u01b0 v\u1ea5n t\u1eadn t\u00e2m<\/p>\n<\/div>\n<\/div>\n<p>[\/vc_column_text][\/vc_column_inner][\/vc_row_inner][vc_row_inner][vc_column_inner][vc_column_text css_animation=&#8221;fadeInLeftBig&#8221;]<\/p>\n<div class=\"section-heading2\">\n<p><span style=\"color: #000000;\"><strong>M\u1ed9t s\u1ed1 s\u1ea3n ph\u1ea9m ti\u00eau bi\u1ec3u<\/strong><\/span><\/p>\n<div class=\"underline\"><\/div>\n<\/div>\n<p>[\/vc_column_text][\/vc_column_inner][\/vc_row_inner][vc_row_inner][vc_column_inner width=&#8221;1\/2&#8243;][vc_single_image image=&#8221;3962&#8243; img_size=&#8221;800&#215;468&#8243; css_animation=&#8221;fadeInLeft&#8221;][vc_column_text css_animation=&#8221;fadeInLeft&#8221;]<span style=\"color: #000000;\"><strong style=\"font-size: 21px;\">Tr\u01b0\u1eddng THPT chuy\u00ean L\u00ea H\u1ed3ng Phong \u2013 Nam \u0110\u1ecbnh<\/strong><\/span><\/p>\n<p><span style=\"color: #000000;\">Trong tour th\u1ef1c t\u1ebf \u1ea3o n\u00e0y, ch\u00fang t\u00f4i x\u00e2y d\u1ef1ng m\u00f4 h\u00ecnh khu\u00f4n vi\u00ean Tr\u01b0\u1eddng THPT chuy\u00ean L\u00ea H\u1ed3ng Phong \u2013 Nam \u0110\u1ecbnh, t\u1eeb c\u1ed5ng tr\u01b0\u1eddng, khu gi\u1ea3ng \u0111\u01b0\u1eddng, th\u01b0 vi\u1ec7n, s\u00e2n th\u1ec3 thao \u0111\u1ebfn c\u00e1c kh\u00f4ng gian ho\u1ea1t \u0111\u1ed9ng ngo\u1ea1i kh\u00f3a. \u0110\u01b0\u1ee3c t\u00edch h\u1ee3p hotspot m\u00f4 t\u1ea3 chi ti\u1ebft, popup h\u00ecnh \u1ea3nh, voice thuy\u1ebft minh v\u00e0 b\u1ea3n \u0111\u1ed3 d\u1eabn l\u1ed1i, s\u1ea3n ph\u1ea9m h\u1ed7 tr\u1ee3 hi\u1ec7u qu\u1ea3 cho c\u00f4ng t\u00e1c tuy\u1ec3n sinh, qu\u1ea3ng b\u00e1 h\u00ecnh \u1ea3nh v\u00e0 truy\u1ec1n th\u00f4ng nh\u00e0 tr\u01b0\u1eddng.<\/span>[\/vc_column_text][vc_btn title=&#8221;Xem ngay&#8221; color=&#8221;warning&#8221; align=&#8221;center&#8221; css_animation=&#8221;fadeInLeft&#8221; link=&#8221;url:https%3A%2F%2Flhpcorp.com%2Fwp-content%2Fuploads%2F2025%2F07%2FLHP3%2Findex.html|target:_blank&#8221;][\/vc_column_inner][vc_column_inner width=&#8221;1\/2&#8243; offset=&#8221;vc_col-lg-offset-0&#8243;][vc_single_image image=&#8221;4121&#8243; img_size=&#8221;full&#8221; css_animation=&#8221;fadeInRight&#8221;][vc_column_text css_animation=&#8221;fadeInRight&#8221; css=&#8221;.vc_custom_1755056879229{margin-bottom: 30px !important;}&#8221;]<span style=\"color: #000000;\"><strong style=\"font-size: 24px;\"><b>Khu ngh\u1ec9 d\u01b0\u1ee1ng The Minota Retreat<\/b><\/strong><\/span><\/p>\n<p><span style=\"font-weight: 400; color: #000000;\">D\u1ef1 \u00e1n Tour 360 t\u1ea1i The Minota Retreat t\u00e1i hi\u1ec7n to\u00e0n b\u1ed9 kh\u00f4ng gian ngh\u1ec9 d\u01b0\u1ee1ng v\u1edbi c\u0103n villa, b\u1ec3 b\u01a1i, s\u00e2n b\u00f3ng hay ao c\u00e1. Tour t\u00edch h\u1ee3p hotspot gi\u1edbi thi\u1ec7u d\u1ecbch v\u1ee5, popup h\u00ecnh \u1ea3nh, video tr\u1ea3i nghi\u1ec7m v\u00e0 t\u00ednh n\u0103ng \u201c\u0110\u1eb7t Ph\u00f2ng\u201d, li\u00ean k\u1ebft v\u1edbi c\u00e1c \u1ee9ng d\u1ee5ng OTAs, gi\u00fap kh\u00e1ch h\u00e0ng d\u1ec5 d\u00e0ng c\u1ea3m nh\u1eadn ch\u1ea5t l\u01b0\u1ee3ng d\u1ecbch v\u1ee5 tr\u01b0\u1edbc khi \u0111\u1eb7t ph\u00f2ng. \u0110\u00e2y l\u00e0 c\u00f4ng c\u1ee5 hi\u1ec7u qu\u1ea3 \u0111\u1ec3 t\u0103ng t\u1ef7 l\u1ec7 booking tr\u1ef1c tuy\u1ebfn v\u00e0 qu\u1ea3ng b\u00e1 th\u01b0\u01a1ng hi\u1ec7u khu ngh\u1ec9 d\u01b0\u1ee1ng ch\u1ea5t l\u01b0\u1ee3ng.<\/span>[\/vc_column_text][vc_btn title=&#8221;Xem ngay&#8221; color=&#8221;warning&#8221; align=&#8221;center&#8221; css_animation=&#8221;fadeInRight&#8221; link=&#8221;url:https%3A%2F%2Flhpcorp.com%2Fwp-content%2Fuploads%2F2025%2F08%2FMinota%2Findex.html|title:Minota%20Retreat|target:_blank&#8221;][\/vc_column_inner][\/vc_row_inner][vc_row_inner][vc_column_inner width=&#8221;1\/2&#8243; offset=&#8221;vc_col-lg-offset-0&#8243;][vc_single_image image=&#8221;3933&#8243; img_size=&#8221;full&#8221; css_animation=&#8221;fadeInLeft&#8221;][vc_column_text css_animation=&#8221;fadeInLeft&#8221; css=&#8221;.vc_custom_1752631532658{margin-bottom: 45px !important;}&#8221;]<span style=\"color: #000000;\"><strong style=\"font-size: 24px;\">Tour 360 Tr\u01b0\u1eddng TH School H\u00f2a L\u1ea1c<\/strong><\/span><\/p>\n<p><span style=\"color: #000000;\">Trong tour th\u1ef1c t\u1ebf \u1ea3o n\u00e0y, ch\u00fang t\u00f4i x\u00e2y d\u1ef1ng m\u00f4 h\u00ecnh khu\u00f4n vi\u00ean Tr\u01b0\u1eddng THPT chuy\u00ean L\u00ea H\u1ed3ng Phong \u2013 Nam \u0110\u1ecbnh, t\u1eeb c\u1ed5ng tr\u01b0\u1eddng, khu gi\u1ea3ng \u0111\u01b0\u1eddng, th\u01b0 vi\u1ec7n, s\u00e2n th\u1ec3 thao \u0111\u1ebfn c\u00e1c kh\u00f4ng gian ho\u1ea1t \u0111\u1ed9ng ngo\u1ea1i kh\u00f3a. \u0110\u01b0\u1ee3c t\u00edch h\u1ee3p hotspot m\u00f4 t\u1ea3 chi ti\u1ebft, popup h\u00ecnh \u1ea3nh, voice thuy\u1ebft minh v\u00e0 b\u1ea3n \u0111\u1ed3 d\u1eabn l\u1ed1i, s\u1ea3n ph\u1ea9m h\u1ed7 tr\u1ee3 hi\u1ec7u qu\u1ea3 cho c\u00f4ng t\u00e1c tuy\u1ec3n sinh, qu\u1ea3ng b\u00e1 h\u00ecnh \u1ea3nh v\u00e0 truy\u1ec1n th\u00f4ng nh\u00e0 tr\u01b0\u1eddng.<\/span>[\/vc_column_text][vc_btn title=&#8221;Xem ngay&#8221; color=&#8221;warning&#8221; align=&#8221;center&#8221; css_animation=&#8221;fadeInLeft&#8221; link=&#8221;url:https%3A%2F%2Flhpcorp.com%2Fwp-content%2Fuploads%2F2025%2F07%2FTHSchool%2Findex.html|target:_blank&#8221;][\/vc_column_inner][vc_column_inner width=&#8221;1\/2&#8243; offset=&#8221;vc_col-lg-offset-0&#8243;][vc_single_image image=&#8221;3932&#8243; img_size=&#8221;full&#8221; css_animation=&#8221;fadeInRight&#8221;][vc_column_text css_animation=&#8221;fadeInRight&#8221; css=&#8221;.vc_custom_1755056924376{margin-bottom: 50px !important;}&#8221;]<span style=\"color: #000000;\"><strong style=\"font-size: 20px;\">\u0110i\u1ec3m tr\u01b0\u1eddng L\u0169ng Lu\u00f4ng \u2013 Qu\u1ef9 Tr\u00f2 Ngh\u00e8o V\u00f9ng Cao<\/strong><\/span><\/p>\n<p><span style=\"font-weight: 400; color: #000000;\">Tour 360 trong ch\u01b0\u01a1ng tr\u00ecnh C\u01a1m C\u00f3 Th\u1ecbt gi\u1edbi thi\u1ec7u tr\u1ef1c quan c\u00e1c \u0111i\u1ec3m tr\u01b0\u1eddng v\u00f9ng cao, n\u01a1i c\u00e1c em h\u1ecdc sinh c\u00f2n thi\u1ebfu th\u1ed1n \u0111i\u1ec1u ki\u1ec7n sinh ho\u1ea1t v\u00e0 h\u1ecdc t\u1eadp. D\u1ef1 \u00e1n t\u00edch h\u1ee3p h\u00ecnh \u1ea3nh th\u1ef1c t\u1ebf, video ho\u1ea1t \u0111\u1ed9ng thi\u1ec7n nguy\u1ec7n, voice k\u1ec3 chuy\u1ec7n v\u00e0 hotspot m\u00f4 t\u1ea3 t\u1eebng khu v\u1ef1c. S\u1ea3n ph\u1ea9m l\u00e0 c\u00f4ng c\u1ee5 truy\u1ec1n th\u00f4ng m\u1ea1nh m\u1ebd, gi\u00fap k\u1ebft n\u1ed1i c\u1ed9ng \u0111\u1ed3ng v\u1edbi c\u00e1c ch\u01b0\u01a1ng tr\u00ecnh thi\u1ec7n nguy\u1ec7n, minh b\u1ea1ch h\u00f3a th\u00f4ng tin v\u00e0 lan t\u1ecfa s\u1ef1 \u0111\u1ed3ng h\u00e0nh.<\/span>[\/vc_column_text][vc_btn title=&#8221;Xem ngay&#8221; color=&#8221;warning&#8221; align=&#8221;center&#8221; css_animation=&#8221;fadeInRight&#8221; link=&#8221;url:https%3A%2F%2Flhpcorp.com%2Fwp-content%2Fuploads%2F2025%2F07%2FComCoThit%2Findex.html|target:_blank&#8221;][\/vc_column_inner][\/vc_row_inner][\/vc_column][\/vc_row]<\/p>\n","protected":false},"excerpt":{"rendered":"<p>[vc_row css_animation=&#8221;fadeInLeft&#8221; disable_custom_paddings_mobile=&#8221;true&#8221; css=&#8221;.vc_custom_1752045487582{margin-top: 0px !important;margin-right: -368px !important;margin-bottom: 0px !important;margin-left: -368px !important;padding-top: 0px !important;padding-bottom: 0px !important;background-color: #131225 !important;}&#8221;][vc_column offset=&#8221;vc_col-lg-offset-0 vc_col-xs-offset-4&#8230;<\/p>\n","protected":false},"author":1,"featured_media":0,"parent":0,"menu_order":0,"comment_status":"closed","ping_status":"closed","template":"","meta":{"_monsterinsights_skip_tracking":false,"_monsterinsights_sitenote_active":false,"_monsterinsights_sitenote_note":"","_monsterinsights_sitenote_category":0,"footnotes":""},"class_list":["post-3899","page","type-page","status-publish"],"_links":{"self":[{"href":"https:\/\/lhpcorp.com\/index.php\/wp-json\/wp\/v2\/pages\/3899","targetHints":{"allow":["GET"]}}],"collection":[{"href":"https:\/\/lhpcorp.com\/index.php\/wp-json\/wp\/v2\/pages"}],"about":[{"href":"https:\/\/lhpcorp.com\/index.php\/wp-json\/wp\/v2\/types\/page"}],"author":[{"embeddable":true,"href":"https:\/\/lhpcorp.com\/index.php\/wp-json\/wp\/v2\/users\/1"}],"replies":[{"embeddable":true,"href":"https:\/\/lhpcorp.com\/index.php\/wp-json\/wp\/v2\/comments?post=3899"}],"version-history":[{"count":125,"href":"https:\/\/lhpcorp.com\/index.php\/wp-json\/wp\/v2\/pages\/3899\/revisions"}],"predecessor-version":[{"id":4129,"href":"https:\/\/lhpcorp.com\/index.php\/wp-json\/wp\/v2\/pages\/3899\/revisions\/4129"}],"wp:attachment":[{"href":"https:\/\/lhpcorp.com\/index.php\/wp-json\/wp\/v2\/media?parent=3899"}],"curies":[{"name":"wp","href":"https:\/\/api.w.org\/{rel}","templated":true}]}}